{"id":126,"date":"2024-04-05T15:03:58","date_gmt":"2024-04-05T15:03:58","guid":{"rendered":"https:\/\/ccao.fun\/?page_id=126"},"modified":"2026-03-28T10:44:26","modified_gmt":"2026-03-28T15:44:26","slug":"les-reglements","status":"publish","type":"page","link":"https:\/\/ccao.mazarol-gate.org\/index.php\/les-reglements\/","title":{"rendered":"les-reglements"},"content":{"rendered":"\n<h2 class=\"wp-block-heading\"><strong>N\u2019oubliez jamais<\/strong> :<\/h2>\n\n\n\n<ul class=\"wp-block-list\">\n<li>Respecter le r\u00e8glement du club, notamment les r\u00e8gles de s\u00e9curit\u00e9 lors du maniement des armes.<\/li>\n\n\n\n<li>Tous les membres sont responsables de la s\u00e9curit\u00e9 sur le lieu de formation, ainsi que de la sant\u00e9 et du bien-\u00eatre de chaque personne pr\u00e9sente sur place.<\/li>\n\n\n\n<li>Respectez les autres et soyez courtois avec tout le monde.<\/li>\n\n\n\n<li>Tous les chiens doivent \u00eatre en s\u00e9curit\u00e9 d\u00e8s leur arriv\u00e9e sur le terrain d\u2019entra\u00eenement jusqu\u2019\u00e0 leur d\u00e9part.<\/li>\n\n\n\n<li>Tout chien montrant des signes d\u2019agressivit\u00e9 envers des personnes ou d\u2019autres chiens sera pri\u00e9 de quitter le terrain.<\/li>\n\n\n\n<li>Tous les oiseaux, carcasses et d\u00e9chets rel\u00e8vent de la responsabilit\u00e9 de chaque personne participant \u00e0 la formation. Il ne faut pas s\u2019attendre \u00e0 ce que quelqu\u2019un d\u2019autre s\u2019occupe de vos produits jetables.<\/li>\n<\/ul>\n\n\n\n<figure class=\"wp-block-image aligncenter size-large is-resized\"><img loading=\"lazy\" decoding=\"async\" width=\"1024\" height=\"683\" src=\"https:\/\/ccao.mazarol-gate.org\/wp-content\/uploads\/2026\/03\/IMG_3721.JPG-1200x900-90-1-1024x683.jpg\" alt=\"\" class=\"wp-image-1664\" style=\"width:690px;height:auto\" srcset=\"https:\/\/ccao.mazarol-gate.org\/wp-content\/uploads\/2026\/03\/IMG_3721.JPG-1200x900-90-1-1024x683.jpg 1024w, https:\/\/ccao.mazarol-gate.org\/wp-content\/uploads\/2026\/03\/IMG_3721.JPG-1200x900-90-1-300x200.jpg 300w, https:\/\/ccao.mazarol-gate.org\/wp-content\/uploads\/2026\/03\/IMG_3721.JPG-1200x900-90-1-768x512.jpg 768w, https:\/\/ccao.mazarol-gate.org\/wp-content\/uploads\/2026\/03\/IMG_3721.JPG-1200x900-90-1.jpg 1200w\" sizes=\"auto, (max-width: 1024px) 100vw, 1024px\" \/><\/figure>\n\n\n\n<h2 class=\"wp-block-heading\"><strong>Documents \u00e0 t\u00e9l\u00e9charger<\/strong><\/h2>\n\n\n\n<p>R\u00e8glement CCAO 2025 : <\/p>\n\n\n\n<ul class=\"wp-block-list\">\n<li><a href=\"https:\/\/ccao.mazarol-gate.org\/wp-content\/uploads\/2026\/03\/ReglementGeneraux_CCAO_2025-03-15.pdf\" target=\"_blank\" rel=\"noreferrer noopener\">R\u00e9gl\u00e9ment generaux<\/a><\/li>\n\n\n\n<li><a href=\"https:\/\/ccao.mazarol-gate.org\/wp-content\/uploads\/2026\/03\/2025-03-15-ReglementTerrainCCAO.pdf\" target=\"_blank\" rel=\"noreferrer noopener\">R\u00e9gl\u00e9ment du terrrain<\/a><\/li>\n<\/ul>\n\n\n\n<p><\/p>\n","protected":false},"excerpt":{"rendered":"<p>N\u2019oubliez jamais : Documents \u00e0 t\u00e9l\u00e9charger R\u00e8glement CCAO 2025 :<\/p>\n","protected":false},"author":1,"featured_media":0,"parent":0,"menu_order":0,"comment_status":"closed","ping_status":"closed","template":"","meta":{"footnotes":""},"class_list":["post-126","page","type-page","status-publish","hentry"],"blocksy_meta":{"has_hero_section":"disabled","styles_descriptor":{"styles":{"desktop":"","tablet":"","mobile":""},"google_fonts":[],"version":6}},"featured_image_src":null,"_links":{"self":[{"href":"https:\/\/ccao.mazarol-gate.org\/index.php\/wp-json\/wp\/v2\/pages\/126","targetHints":{"allow":["GET"]}}],"collection":[{"href":"https:\/\/ccao.mazarol-gate.org\/index.php\/wp-json\/wp\/v2\/pages"}],"about":[{"href":"https:\/\/ccao.mazarol-gate.org\/index.php\/wp-json\/wp\/v2\/types\/page"}],"author":[{"embeddable":true,"href":"https:\/\/ccao.mazarol-gate.org\/index.php\/wp-json\/wp\/v2\/users\/1"}],"replies":[{"embeddable":true,"href":"https:\/\/ccao.mazarol-gate.org\/index.php\/wp-json\/wp\/v2\/comments?post=126"}],"version-history":[{"count":1,"href":"https:\/\/ccao.mazarol-gate.org\/index.php\/wp-json\/wp\/v2\/pages\/126\/revisions"}],"predecessor-version":[{"id":1669,"href":"https:\/\/ccao.mazarol-gate.org\/index.php\/wp-json\/wp\/v2\/pages\/126\/revisions\/1669"}],"wp:attachment":[{"href":"https:\/\/ccao.mazarol-gate.org\/index.php\/wp-json\/wp\/v2\/media?parent=126"}],"curies":[{"name":"wp","href":"https:\/\/api.w.org\/{rel}","templated":true}]}}