{"id":140,"date":"2024-04-05T15:22:10","date_gmt":"2024-04-05T15:22:10","guid":{"rendered":"https:\/\/ccao.fun\/?page_id=140"},"modified":"2026-04-02T21:17:06","modified_gmt":"2026-04-03T02:17:06","slug":"nos-commanditaires","status":"publish","type":"page","link":"https:\/\/ccao.mazarol-gate.org\/index.php\/nos-commanditaires\/","title":{"rendered":"Nos Commanditaires :"},"content":{"rendered":"\n<p>D\u00e9couvrez les partenaires qui propulsent le CCAO ! Nous sommes fiers de nous associer \u00e0 des entreprises locales, provinciale et Nationale qui partagent nos valeurs de respect de l&rsquo;environnement et de d\u00e9veloppement durable.<\/p>\n\n\n\n<p>Chaque contribution soutient la mission de notre organisme sans but lucratif, g\u00e9r\u00e9 avec passion par des b\u00e9n\u00e9voles d\u00e9vou\u00e9s. En \u00e9change, nous offrons \u00e0 nos commanditaires une vitrine de choix (affichage, logos, banni\u00e8res) au c\u0153ur de tous nos \u00e9v\u00e9nements.<\/p>\n\n\n\n<p>Merci \u00e0 ceux qui rendent nos activit\u00e9s possibles. Nous vous souhaitons beaucoup de succ\u00e8s !&nbsp;<\/p>\n\n\n\n<p><\/p>\n\n\n\n<p><a href=\"https:\/\/kenauk.com\/fr\/\" target=\"_blank\" rel=\"noreferrer noopener\">Location de chalet de luxe en Outaouais, Qu\u00e9bec &#8211; Kenauk Nature<\/a><\/p>\n\n\n\n<div class=\"wp-block-group is-vertical is-layout-flex wp-container-core-group-is-layout-fe9cc265 wp-block-group-is-layout-flex\">\n<figure class=\"wp-block-image size-full is-resized\"><img loading=\"lazy\" decoding=\"async\" width=\"367\" height=\"170\" src=\"https:\/\/ccao.mazarol-gate.org\/wp-content\/uploads\/2026\/03\/Kenauk.jpg\" alt=\"\" class=\"wp-image-1712\" style=\"width:624px;height:auto\" srcset=\"https:\/\/ccao.mazarol-gate.org\/wp-content\/uploads\/2026\/03\/Kenauk.jpg 367w, https:\/\/ccao.mazarol-gate.org\/wp-content\/uploads\/2026\/03\/Kenauk-300x139.jpg 300w\" sizes=\"auto, (max-width: 367px) 100vw, 367px\" \/><\/figure>\n\n\n\n<p><a href=\"https:\/\/gatineauautos.com\/\" target=\"_blank\" rel=\"noreferrer noopener\">Gatineau Autos<\/a><\/p>\n<\/div>\n\n\n\n<figure class=\"wp-block-image size-large is-resized is-style-default\" style=\"margin-top:0;margin-bottom:0\"><img loading=\"lazy\" decoding=\"async\" width=\"1024\" height=\"768\" src=\"https:\/\/ccao.mazarol-gate.org\/wp-content\/uploads\/2026\/03\/Garages-1536x1152-1-1024x768.jpeg\" alt=\"\" class=\"wp-image-1711\" style=\"width:1024px;height:auto\" srcset=\"https:\/\/ccao.mazarol-gate.org\/wp-content\/uploads\/2026\/03\/Garages-1536x1152-1-1024x768.jpeg 1024w, https:\/\/ccao.mazarol-gate.org\/wp-content\/uploads\/2026\/03\/Garages-1536x1152-1-300x225.jpeg 300w, https:\/\/ccao.mazarol-gate.org\/wp-content\/uploads\/2026\/03\/Garages-1536x1152-1-768x576.jpeg 768w, https:\/\/ccao.mazarol-gate.org\/wp-content\/uploads\/2026\/03\/Garages-1536x1152-1.jpeg 1536w\" sizes=\"auto, (max-width: 1024px) 100vw, 1024px\" \/><\/figure>\n\n\n\n<p><\/p>\n\n\n\n<p><\/p>\n\n\n\n<p><a href=\"https:\/\/www.inukshukpro.com\/\">Inukshuk Professional Dog Food<\/a><\/p>\n\n\n\n<figure class=\"wp-block-image size-large\"><img loading=\"lazy\" decoding=\"async\" width=\"1024\" height=\"615\" src=\"https:\/\/ccao.mazarol-gate.org\/wp-content\/uploads\/2026\/03\/Project_20230804_0004-1536x922-1-1024x615.jpeg\" alt=\"\" class=\"wp-image-1714\" srcset=\"https:\/\/ccao.mazarol-gate.org\/wp-content\/uploads\/2026\/03\/Project_20230804_0004-1536x922-1-1024x615.jpeg 1024w, https:\/\/ccao.mazarol-gate.org\/wp-content\/uploads\/2026\/03\/Project_20230804_0004-1536x922-1-300x180.jpeg 300w, https:\/\/ccao.mazarol-gate.org\/wp-content\/uploads\/2026\/03\/Project_20230804_0004-1536x922-1-768x461.jpeg 768w, https:\/\/ccao.mazarol-gate.org\/wp-content\/uploads\/2026\/03\/Project_20230804_0004-1536x922-1.jpeg 1536w\" sizes=\"auto, (max-width: 1024px) 100vw, 1024px\" \/><\/figure>\n\n\n\n<p><\/p>\n\n\n\n<p><\/p>\n\n\n\n<p><strong><span style=\"color: #ffffff;background-color: #000000\" class=\"stk-highlight\">St-Amant Construction<\/span><\/strong><span style=\"color: #e7a013;\" class=\"stk-highlight\">&nbsp;<\/span>: <a href=\"https:\/\/www.facebook.com\/profile.php?id=100063221140268\">Facebook<\/a><\/p>\n\n\n\n<figure class=\"wp-block-image size-large\"><img loading=\"lazy\" decoding=\"async\" width=\"1024\" height=\"570\" src=\"https:\/\/ccao.mazarol-gate.org\/wp-content\/uploads\/2026\/03\/Carte-1024x570.jpg\" alt=\"\" class=\"wp-image-1709\" srcset=\"https:\/\/ccao.mazarol-gate.org\/wp-content\/uploads\/2026\/03\/Carte-1024x570.jpg 1024w, https:\/\/ccao.mazarol-gate.org\/wp-content\/uploads\/2026\/03\/Carte-300x167.jpg 300w, https:\/\/ccao.mazarol-gate.org\/wp-content\/uploads\/2026\/03\/Carte-768x427.jpg 768w, https:\/\/ccao.mazarol-gate.org\/wp-content\/uploads\/2026\/03\/Carte.jpg 1026w\" sizes=\"auto, (max-width: 1024px) 100vw, 1024px\" \/><\/figure>\n\n\n\n<figure class=\"wp-block-image size-full is-resized\"><img loading=\"lazy\" decoding=\"async\" width=\"1014\" height=\"586\" src=\"https:\/\/ccao.mazarol-gate.org\/wp-content\/uploads\/2026\/03\/Dos_Carte.jpg\" alt=\"\" class=\"wp-image-1710\" style=\"width:1022px;height:auto\" srcset=\"https:\/\/ccao.mazarol-gate.org\/wp-content\/uploads\/2026\/03\/Dos_Carte.jpg 1014w, https:\/\/ccao.mazarol-gate.org\/wp-content\/uploads\/2026\/03\/Dos_Carte-300x173.jpg 300w, https:\/\/ccao.mazarol-gate.org\/wp-content\/uploads\/2026\/03\/Dos_Carte-768x444.jpg 768w\" sizes=\"auto, (max-width: 1014px) 100vw, 1014px\" \/><\/figure>\n","protected":false},"excerpt":{"rendered":"<p>D\u00e9couvrez les partenaires qui propulsent le CCAO ! Nous sommes fiers de nous associer \u00e0 des entreprises locales, provinciale et Nationale qui partagent nos valeurs de respect de l&rsquo;environnement et de d\u00e9veloppement durable. Chaque contribution soutient la mission de notre organisme sans but lucratif, g\u00e9r\u00e9 avec passion par des b\u00e9n\u00e9voles d\u00e9vou\u00e9s. En \u00e9change, nous offrons [&hellip;]<\/p>\n","protected":false},"author":1,"featured_media":0,"parent":0,"menu_order":0,"comment_status":"closed","ping_status":"closed","template":"","meta":{"footnotes":""},"class_list":["post-140","page","type-page","status-publish","hentry"],"blocksy_meta":[],"featured_image_src":null,"_links":{"self":[{"href":"https:\/\/ccao.mazarol-gate.org\/index.php\/wp-json\/wp\/v2\/pages\/140","targetHints":{"allow":["GET"]}}],"collection":[{"href":"https:\/\/ccao.mazarol-gate.org\/index.php\/wp-json\/wp\/v2\/pages"}],"about":[{"href":"https:\/\/ccao.mazarol-gate.org\/index.php\/wp-json\/wp\/v2\/types\/page"}],"author":[{"embeddable":true,"href":"https:\/\/ccao.mazarol-gate.org\/index.php\/wp-json\/wp\/v2\/users\/1"}],"replies":[{"embeddable":true,"href":"https:\/\/ccao.mazarol-gate.org\/index.php\/wp-json\/wp\/v2\/comments?post=140"}],"version-history":[{"count":5,"href":"https:\/\/ccao.mazarol-gate.org\/index.php\/wp-json\/wp\/v2\/pages\/140\/revisions"}],"predecessor-version":[{"id":1816,"href":"https:\/\/ccao.mazarol-gate.org\/index.php\/wp-json\/wp\/v2\/pages\/140\/revisions\/1816"}],"wp:attachment":[{"href":"https:\/\/ccao.mazarol-gate.org\/index.php\/wp-json\/wp\/v2\/media?parent=140"}],"curies":[{"name":"wp","href":"https:\/\/api.w.org\/{rel}","templated":true}]}}