{"id":36,"date":"2024-03-21T21:24:59","date_gmt":"2024-03-21T21:24:59","guid":{"rendered":"https:\/\/ccao.fun\/?page_id=36"},"modified":"2026-03-28T10:45:30","modified_gmt":"2026-03-28T15:45:30","slug":"map_du_terrain","status":"publish","type":"page","link":"https:\/\/ccao.mazarol-gate.org\/index.php\/map_du_terrain\/","title":{"rendered":"Plan du terrain"},"content":{"rendered":"\n<p>Le CCAO a la chance d\u2019avoir acc\u00e8s \u00e0 un terrain d\u2019entra\u00eenement situ\u00e9 dans la municipalit\u00e9 de L\u2019Ange-Gardien (Outaouais).<\/p>\n\n\n\n<p><\/p>\n\n\n\n<p><\/p>\n\n\n\n<figure class=\"wp-block-image size-full\"><img loading=\"lazy\" decoding=\"async\" width=\"620\" height=\"960\" src=\"https:\/\/ccao.mazarol-gate.org\/wp-content\/uploads\/2026\/03\/map_terrain.jpg\" alt=\"\" class=\"wp-image-1666\" srcset=\"https:\/\/ccao.mazarol-gate.org\/wp-content\/uploads\/2026\/03\/map_terrain.jpg 620w, https:\/\/ccao.mazarol-gate.org\/wp-content\/uploads\/2026\/03\/map_terrain-194x300.jpg 194w\" sizes=\"auto, (max-width: 620px) 100vw, 620px\" \/><\/figure>\n","protected":false},"excerpt":{"rendered":"<p>Le CCAO a la chance d\u2019avoir acc\u00e8s \u00e0 un terrain d\u2019entra\u00eenement situ\u00e9 dans la municipalit\u00e9 de L\u2019Ange-Gardien (Outaouais).<\/p>\n","protected":false},"author":1,"featured_media":0,"parent":0,"menu_order":0,"comment_status":"closed","ping_status":"closed","template":"","meta":{"footnotes":""},"class_list":["post-36","page","type-page","status-publish","hentry"],"blocksy_meta":[],"featured_image_src":null,"_links":{"self":[{"href":"https:\/\/ccao.mazarol-gate.org\/index.php\/wp-json\/wp\/v2\/pages\/36","targetHints":{"allow":["GET"]}}],"collection":[{"href":"https:\/\/ccao.mazarol-gate.org\/index.php\/wp-json\/wp\/v2\/pages"}],"about":[{"href":"https:\/\/ccao.mazarol-gate.org\/index.php\/wp-json\/wp\/v2\/types\/page"}],"author":[{"embeddable":true,"href":"https:\/\/ccao.mazarol-gate.org\/index.php\/wp-json\/wp\/v2\/users\/1"}],"replies":[{"embeddable":true,"href":"https:\/\/ccao.mazarol-gate.org\/index.php\/wp-json\/wp\/v2\/comments?post=36"}],"version-history":[{"count":1,"href":"https:\/\/ccao.mazarol-gate.org\/index.php\/wp-json\/wp\/v2\/pages\/36\/revisions"}],"predecessor-version":[{"id":1670,"href":"https:\/\/ccao.mazarol-gate.org\/index.php\/wp-json\/wp\/v2\/pages\/36\/revisions\/1670"}],"wp:attachment":[{"href":"https:\/\/ccao.mazarol-gate.org\/index.php\/wp-json\/wp\/v2\/media?parent=36"}],"curies":[{"name":"wp","href":"https:\/\/api.w.org\/{rel}","templated":true}]}}