{"id":481,"date":"2025-02-08T20:04:55","date_gmt":"2025-02-08T20:04:55","guid":{"rendered":"https:\/\/ccao.fun\/?page_id=481"},"modified":"2026-04-29T19:06:36","modified_gmt":"2026-04-30T00:06:36","slug":"ccaolanding","status":"publish","type":"page","link":"https:\/\/ccao.mazarol-gate.org\/","title":{"rendered":"CCAO"},"content":{"rendered":"<div class=\"ditty ditty--pre\" data-id=\"561\" data-uniqid=\"ditty-6a073c49aef4a\"><\/div>\n\n\n<div style=\"gap: 20px;\" class=\"align-button-center ub-buttons orientation-button-row ub-flex-wrap wp-block-ub-button\" id=\"ub-button-75187355-51f7-4e01-b700-53457cad535a\"><div class=\"ub-button-container\">\n\t\t\t<a href=\"https:\/\/ccao.mazarol-gate.org\/index.php\/lco\" target=\"_blank\" rel=\"noopener noreferrer\" class=\"ub-button-block-main   ub-button-flex\" role=\"button\" style=\"--ub-button-background-color: #313131; --ub-button-color: #ffffff; --ub-button-border: none; --ub-button-hover-background-color: #313131; --ub-button-hover-color: #ffffff; --ub-button-hover-border: none; padding-top: 10px; padding-right: 10px; padding-bottom: 10px; padding-left: 10px; border-top-left-radius: 10px;; border-top-right-radius: 10px;; border-bottom-left-radius: 10px;; border-bottom-right-radius: 10px;; \">\n\t\t\t\t<div class=\"ub-button-content-holder\" style=\"flex-direction: row\">\n\t\t\t\t\t<span class=\"ub-button-block-btn\">Commande des oiseaux<\/span>\n\t\t\t\t<\/div>\n\t\t\t<\/a>\n\t\t<\/div><\/div>\n\n\n<h2 class=\"wp-block-heading has-text-align-center\">Club de Chien d&rsquo;Arr\u00eat de l&rsquo;Outaouais<\/h2>\n\n\n\n<p class=\"has-medium-font-size\">Le Club de Chien d\u2019Arr\u00eat de l\u2019Outaouais ou CCAO est un organisme \u00e0 but non lucratif qui regroupe des passionn\u00e9(e)s des chiens d\u2019arr\u00eat et des chiens d\u2019arr\u00eat polyvalents. Le CCAO accepte toutes les races de chiens d\u2019arr\u00eat reconnues par le Club Canin Canadian ou autres organismes d\u2019enregistrement officiels. Le CCAO vous offre l\u2019acc\u00e8s \u00e0 un superbe terrain d\u2019entra\u00eenement et vous permet de partager votre passion des chiens d\u2019arr\u00eat, que ce soit pour la conduite d\u2019\u00e9preuves d\u2019\u00e9valuation ou encore simplement pour la chasse.<\/p>\n\n\n<div class=\"wp-block-ub-divider ub_divider ub-divider-orientation-horizontal\" id=\"ub_divider_19484ba9-1c5c-4a89-8074-6de5c016b174\"><div class=\"ub_divider_wrapper\" style=\"position: relative; margin-bottom: 2px; width: 100%; height: 2px; \" data-divider-alignment=\"center\"><div class=\"ub_divider_line\" style=\"border-top: 2px solid #ccc; margin-top: 2px; \"><\/div><\/div><\/div>\n\n\n<h2 class=\"wp-block-heading has-text-align-center\">Notre mission: <\/h2>\n\n\n\n<h3 class=\"wp-block-heading alignwide has-text-align-center\">le dressage pour les chiens d\u2019arr\u00eat<\/h3>\n\n\n\n<p><\/p>\n\n\n\n<div class=\"wp-block-columns is-layout-flex wp-container-core-columns-is-layout-28f84493 wp-block-columns-is-layout-flex\">\n<div class=\"wp-block-column is-layout-flow wp-block-column-is-layout-flow\">\n<figure class=\"wp-block-image alignright size-large is-resized\"><img loading=\"lazy\" decoding=\"async\" width=\"1024\" height=\"683\" src=\"https:\/\/ccao.mazarol-gate.org\/wp-content\/uploads\/2026\/03\/IMG_3519CCAO-1536x1024-1-1024x683.jpg\" alt=\"\" class=\"wp-image-1634\" style=\"width:385px;height:auto\" srcset=\"https:\/\/ccao.mazarol-gate.org\/wp-content\/uploads\/2026\/03\/IMG_3519CCAO-1536x1024-1-1024x683.jpg 1024w, https:\/\/ccao.mazarol-gate.org\/wp-content\/uploads\/2026\/03\/IMG_3519CCAO-1536x1024-1-300x200.jpg 300w, https:\/\/ccao.mazarol-gate.org\/wp-content\/uploads\/2026\/03\/IMG_3519CCAO-1536x1024-1-768x512.jpg 768w, https:\/\/ccao.mazarol-gate.org\/wp-content\/uploads\/2026\/03\/IMG_3519CCAO-1536x1024-1.jpg 1536w\" sizes=\"auto, (max-width: 1024px) 100vw, 1024px\" \/><\/figure>\n<\/div>\n\n\n\n<div class=\"wp-block-column is-vertically-aligned-center is-layout-flow wp-block-column-is-layout-flow\">\n<blockquote class=\"wp-block-quote is-layout-flow wp-block-quote-is-layout-flow\">\n<p class=\"has-text-align-left has-medium-font-size\">Le CCAO a comme mission l\u2019organisation d\u2019activit\u00e9s de dressage pour les chiens d\u2019arr\u00eat ainsi que l\u2019organisation de concours et d\u2019\u00e9preuves pour chiens d\u2019arr\u00eat de niveaux provincial, national et international. Il fait \u00e9galement la promotion de l\u2019utilisation des chiens d\u2019arr\u00eat \u00e0 la chasse.<\/p>\n<\/blockquote>\n<\/div>\n<\/div>\n\n\n\n<p class=\"has-text-align-center\"><\/p>\n\n\n\n<h2 class=\"wp-block-heading alignwide has-text-align-center\">Objectifs<\/h2>\n\n\n\n<p><\/p>\n\n\n\n<div class=\"wp-block-columns is-layout-flex wp-container-core-columns-is-layout-28f84493 wp-block-columns-is-layout-flex\">\n<div class=\"wp-block-column is-layout-flow wp-block-column-is-layout-flow\">\n<p class=\"has-medium-font-size\"><strong><strong>L\u2019entra\u00eenement des chiens d\u2019arr\u00eat pour la chasse aux petits gibiers et \u00e0 la sauvagine<\/strong><\/strong>&nbsp;<\/p>\n\n\n\n<figure class=\"wp-block-image size-large\"><img loading=\"lazy\" decoding=\"async\" width=\"1024\" height=\"683\" src=\"https:\/\/ccao.mazarol-gate.org\/wp-content\/uploads\/2026\/03\/IMG_3668.JPG-1200x900-90-1024x683.jpg\" alt=\"\" class=\"wp-image-1635\" srcset=\"https:\/\/ccao.mazarol-gate.org\/wp-content\/uploads\/2026\/03\/IMG_3668.JPG-1200x900-90-1024x683.jpg 1024w, https:\/\/ccao.mazarol-gate.org\/wp-content\/uploads\/2026\/03\/IMG_3668.JPG-1200x900-90-300x200.jpg 300w, https:\/\/ccao.mazarol-gate.org\/wp-content\/uploads\/2026\/03\/IMG_3668.JPG-1200x900-90-768x512.jpg 768w, https:\/\/ccao.mazarol-gate.org\/wp-content\/uploads\/2026\/03\/IMG_3668.JPG-1200x900-90.jpg 1200w\" sizes=\"auto, (max-width: 1024px) 100vw, 1024px\" \/><\/figure>\n<\/div>\n\n\n\n<div class=\"wp-block-column is-layout-flow wp-block-column-is-layout-flow\">\n<p class=\"has-medium-font-size\"><strong>L\u2019initiation des jeunes chasseurs avec chiens d\u2019arr\u00eat pour assurer la rel\u00e8ve<\/strong><\/p>\n\n\n\n<figure class=\"wp-block-image size-large\"><img loading=\"lazy\" decoding=\"async\" width=\"1024\" height=\"683\" src=\"https:\/\/ccao.mazarol-gate.org\/wp-content\/uploads\/2026\/03\/IMG_3293.JPG-1200x900-90-1024x683.jpg\" alt=\"\" class=\"wp-image-1633\" srcset=\"https:\/\/ccao.mazarol-gate.org\/wp-content\/uploads\/2026\/03\/IMG_3293.JPG-1200x900-90-1024x683.jpg 1024w, https:\/\/ccao.mazarol-gate.org\/wp-content\/uploads\/2026\/03\/IMG_3293.JPG-1200x900-90-300x200.jpg 300w, https:\/\/ccao.mazarol-gate.org\/wp-content\/uploads\/2026\/03\/IMG_3293.JPG-1200x900-90-768x512.jpg 768w, https:\/\/ccao.mazarol-gate.org\/wp-content\/uploads\/2026\/03\/IMG_3293.JPG-1200x900-90.jpg 1200w\" sizes=\"auto, (max-width: 1024px) 100vw, 1024px\" \/><\/figure>\n<\/div>\n\n\n\n<div class=\"wp-block-column is-layout-flow wp-block-column-is-layout-flow\">\n<p class=\"has-medium-font-size\"><strong><strong><strong><strong>L\u2019organisation d\u2019\u00e9v\u00e9nements pour le d\u00e9veloppement des chiens d\u2019arr\u00eat<\/strong>&nbsp;<\/strong><\/strong><\/strong>&nbsp;<\/p>\n\n\n\n<figure class=\"wp-block-image size-large\"><img loading=\"lazy\" decoding=\"async\" width=\"1024\" height=\"683\" src=\"https:\/\/ccao.mazarol-gate.org\/wp-content\/uploads\/2026\/03\/IMG_3721.JPG-1200x900-90-1024x683.jpg\" alt=\"\" class=\"wp-image-1636\" srcset=\"https:\/\/ccao.mazarol-gate.org\/wp-content\/uploads\/2026\/03\/IMG_3721.JPG-1200x900-90-1024x683.jpg 1024w, https:\/\/ccao.mazarol-gate.org\/wp-content\/uploads\/2026\/03\/IMG_3721.JPG-1200x900-90-300x200.jpg 300w, https:\/\/ccao.mazarol-gate.org\/wp-content\/uploads\/2026\/03\/IMG_3721.JPG-1200x900-90-768x512.jpg 768w, https:\/\/ccao.mazarol-gate.org\/wp-content\/uploads\/2026\/03\/IMG_3721.JPG-1200x900-90.jpg 1200w\" sizes=\"auto, (max-width: 1024px) 100vw, 1024px\" \/><\/figure>\n<\/div>\n<\/div>\n\n\n<div class=\"wp-block-ub-divider ub_divider ub-divider-orientation-horizontal\" id=\"ub_divider_4cc405cc-f8a8-4c4a-83bf-db353c10aabe\"><div class=\"ub_divider_wrapper\" style=\"position: relative; margin-bottom: 2px; width: 100%; height: 2px; \" data-divider-alignment=\"center\"><div class=\"ub_divider_line\" style=\"border-top: 2px solid #ccc; margin-top: 2px; \"><\/div><\/div><\/div>\n\n\n<h3 class=\"wp-block-heading has-text-align-center\">Le chien d&rsquo;arr\u00eat et le chien polyvalent<\/h3>\n\n\n\n<p class=\"has-text-align-center has-medium-font-size\">Les chiens de chasse sont des athl\u00e8tes entra\u00een\u00e9s pour faire face aux diff\u00e9rentes exigences de la chasse : les rapporteurs, les chiens d\u2019arr\u00eat et les chiens polyvalents sont les types de chiens de chasse les plus courants.<\/p>\n\n\n\n<div class=\"wp-block-columns is-layout-flex wp-container-core-columns-is-layout-28f84493 wp-block-columns-is-layout-flex\">\n<div class=\"wp-block-column is-layout-flow wp-block-column-is-layout-flow\" style=\"flex-basis:66.66%\">\n<h3 class=\"wp-block-heading has-text-align-center\">Dresser un chien d\u2019arr\u00eat ou polyvalent<\/h3>\n\n\n\n<ul class=\"wp-block-list\">\n<li class=\"has-medium-font-size\">C\u2019est le but du club, et vous pourrez rencontrer des personnes qui pourront vous aider.&nbsp;<\/li>\n\n\n\n<li class=\"has-medium-font-size\">Cela demande du temps, de la patience et de la coh\u00e9rence.<\/li>\n\n\n\n<li class=\"has-medium-font-size\">Si le chien fait un exercice incorrect, demandez-vous ce que vous avez fait pour le confondre.<\/li>\n<\/ul>\n<\/div>\n\n\n\n<div class=\"wp-block-column is-layout-flow wp-block-column-is-layout-flow\" style=\"flex-basis:33.33%\">\n<figure class=\"wp-block-image size-large is-resized\"><img loading=\"lazy\" decoding=\"async\" width=\"1024\" height=\"768\" src=\"https:\/\/ccao.mazarol-gate.org\/wp-content\/uploads\/2026\/03\/IMG_20151231_140000-1200x900-90-1024x768.jpg\" alt=\"\" class=\"wp-image-1637\" style=\"width:352px;height:auto\" srcset=\"https:\/\/ccao.mazarol-gate.org\/wp-content\/uploads\/2026\/03\/IMG_20151231_140000-1200x900-90-1024x768.jpg 1024w, https:\/\/ccao.mazarol-gate.org\/wp-content\/uploads\/2026\/03\/IMG_20151231_140000-1200x900-90-300x225.jpg 300w, https:\/\/ccao.mazarol-gate.org\/wp-content\/uploads\/2026\/03\/IMG_20151231_140000-1200x900-90-768x576.jpg 768w, https:\/\/ccao.mazarol-gate.org\/wp-content\/uploads\/2026\/03\/IMG_20151231_140000-1200x900-90.jpg 1200w\" sizes=\"auto, (max-width: 1024px) 100vw, 1024px\" \/><\/figure>\n<\/div>\n<\/div>\n\n\n\n<hr class=\"wp-block-separator has-alpha-channel-opacity\"\/>\n\n\n\n<div class=\"wp-block-columns is-layout-flex wp-container-core-columns-is-layout-28f84493 wp-block-columns-is-layout-flex\">\n<div class=\"wp-block-column is-layout-flow wp-block-column-is-layout-flow\" style=\"flex-basis:33.33%\">\n<figure class=\"wp-block-image size-full\"><img loading=\"lazy\" decoding=\"async\" width=\"1024\" height=\"768\" src=\"https:\/\/ccao.mazarol-gate.org\/wp-content\/uploads\/2026\/03\/GLH.jpg\" alt=\"\" class=\"wp-image-1632\" srcset=\"https:\/\/ccao.mazarol-gate.org\/wp-content\/uploads\/2026\/03\/GLH.jpg 1024w, https:\/\/ccao.mazarol-gate.org\/wp-content\/uploads\/2026\/03\/GLH-300x225.jpg 300w, https:\/\/ccao.mazarol-gate.org\/wp-content\/uploads\/2026\/03\/GLH-768x576.jpg 768w\" sizes=\"auto, (max-width: 1024px) 100vw, 1024px\" \/><\/figure>\n<\/div>\n\n\n\n<div class=\"wp-block-column is-layout-flow wp-block-column-is-layout-flow\" style=\"flex-basis:66.66%\">\n<p><\/p>\n\n\n\n<h3 class=\"wp-block-heading\">Les trois choses qu&rsquo;un chien doit faire<\/h3>\n\n\n\n<div class=\"wp-block-group is-layout-constrained wp-block-group-is-layout-constrained\">\n<ul class=\"wp-block-list\">\n<li class=\"has-medium-font-size\">Viens \u00e0 moi<\/li>\n\n\n\n<li class=\"has-medium-font-size\">Viens avec moi<\/li>\n\n\n\n<li class=\"has-medium-font-size\">Reste immobile<\/li>\n<\/ul>\n<\/div>\n<\/div>\n\n\n\n<div class=\"wp-block-column is-layout-flow wp-block-column-is-layout-flow\"><\/div>\n\n\n\n<div class=\"wp-block-column is-layout-flow wp-block-column-is-layout-flow\"><\/div>\n<\/div>\n\n\n\n<div class=\"wp-block-group alignfull has-base-color has-contrast-background-color has-text-color has-background is-layout-constrained wp-container-core-group-is-layout-ef3d885c wp-block-group-is-layout-constrained\" style=\"margin-top:0;margin-bottom:0;padding-top:var(--wp--preset--spacing--60);padding-right:var(--wp--preset--spacing--60);padding-bottom:var(--wp--preset--spacing--60);padding-left:var(--wp--preset--spacing--60)\">\n<div class=\"wp-block-group is-layout-constrained wp-block-group-is-layout-constrained\">\n<div style=\"height:var(--wp--preset--spacing--10)\" aria-hidden=\"true\" class=\"wp-block-spacer\"><\/div>\n\n\n\n<p class=\"has-text-align-center has-palette-color-3-color has-palette-color-6-background-color has-text-color has-background has-heading-font-family has-large-font-size\" style=\"line-height:1.2\"><em><em>\u201cCCAO vous aidera \u00e0 atteindre vos objectifs d\u2019entra\u00eenement plus rapidement.\u201d<\/em><\/em><\/p>\n<\/div>\n<\/div>\n\n\n\n<div class=\"wp-block-group alignwide has-base-2-background-color has-background is-layout-constrained wp-container-core-group-is-layout-39412042 wp-block-group-is-layout-constrained\" style=\"border-radius:16px;padding-top:var(--wp--preset--spacing--40);padding-right:var(--wp--preset--spacing--50);padding-bottom:var(--wp--preset--spacing--40);padding-left:var(--wp--preset--spacing--50)\">\n<div style=\"height:var(--wp--preset--spacing--10)\" aria-hidden=\"true\" class=\"wp-block-spacer\"><\/div>\n\n\n\n<h3 class=\"wp-block-heading has-text-align-center has-palette-color-5-background-color has-background has-large-font-size\"><strong><em><strong><em>Rejoignez plus de 40 membres<\/em><\/strong><\/em><\/strong><\/h3>\n\n\n\n<div class=\"wp-block-buttons is-content-justification-center is-layout-flex wp-container-core-buttons-is-layout-a89b3969 wp-block-buttons-is-layout-flex\">\n<div class=\"wp-block-button\"><a class=\"wp-block-button__link has-medium-font-size has-custom-font-size wp-element-button\" href=\"https:\/\/ccao.mazarol-gate.org\/index.php\/devenir-membre-registration\/\">Adh\u00e9sion 2026<\/a><\/div>\n<\/div>\n\n\n\n<div style=\"height:var(--wp--preset--spacing--10)\" aria-hidden=\"true\" class=\"wp-block-spacer\"><\/div>\n<\/div>\n\n\n\n<p><\/p>\n","protected":false},"excerpt":{"rendered":"<p>Club de Chien d&rsquo;Arr\u00eat de l&rsquo;Outaouais Le Club de Chien d\u2019Arr\u00eat de l\u2019Outaouais ou CCAO est un organisme \u00e0 but non lucratif qui regroupe des passionn\u00e9(e)s des chiens d\u2019arr\u00eat et des chiens d\u2019arr\u00eat polyvalents. Le CCAO accepte toutes les races de chiens d\u2019arr\u00eat reconnues par le Club Canin Canadian ou autres organismes d\u2019enregistrement officiels. Le [&hellip;]<\/p>\n","protected":false},"author":1,"featured_media":0,"parent":0,"menu_order":0,"comment_status":"closed","ping_status":"closed","template":"","meta":{"footnotes":""},"class_list":["post-481","page","type-page","status-publish","hentry"],"blocksy_meta":{"page_structure_type":"default","content_style_source":"inherit","vertical_spacing_source":"custom","styles_descriptor":{"styles":{"desktop":"","tablet":"","mobile":""},"google_fonts":[],"version":6},"has_hero_section":"disabled"},"featured_image_src":null,"_links":{"self":[{"href":"https:\/\/ccao.mazarol-gate.org\/index.php\/wp-json\/wp\/v2\/pages\/481","targetHints":{"allow":["GET"]}}],"collection":[{"href":"https:\/\/ccao.mazarol-gate.org\/index.php\/wp-json\/wp\/v2\/pages"}],"about":[{"href":"https:\/\/ccao.mazarol-gate.org\/index.php\/wp-json\/wp\/v2\/types\/page"}],"author":[{"embeddable":true,"href":"https:\/\/ccao.mazarol-gate.org\/index.php\/wp-json\/wp\/v2\/users\/1"}],"replies":[{"embeddable":true,"href":"https:\/\/ccao.mazarol-gate.org\/index.php\/wp-json\/wp\/v2\/comments?post=481"}],"version-history":[{"count":4,"href":"https:\/\/ccao.mazarol-gate.org\/index.php\/wp-json\/wp\/v2\/pages\/481\/revisions"}],"predecessor-version":[{"id":1854,"href":"https:\/\/ccao.mazarol-gate.org\/index.php\/wp-json\/wp\/v2\/pages\/481\/revisions\/1854"}],"wp:attachment":[{"href":"https:\/\/ccao.mazarol-gate.org\/index.php\/wp-json\/wp\/v2\/media?parent=481"}],"curies":[{"name":"wp","href":"https:\/\/api.w.org\/{rel}","templated":true}]}}