{"id":58,"date":"2024-03-22T21:42:23","date_gmt":"2024-03-22T21:42:23","guid":{"rendered":"https:\/\/ccao.fun\/?page_id=58"},"modified":"2025-12-23T21:09:06","modified_gmt":"2025-12-23T21:09:06","slug":"histoire","status":"publish","type":"page","link":"https:\/\/ccao.mazarol-gate.org\/index.php\/histoire\/","title":{"rendered":"Anciens administrateurs"},"content":{"rendered":"\n<p>Les anciens administrateurs qui ont contribu\u00e9 par leur d\u00e9vouement, leur travail et leur passion au succ\u00e8s de notre club:<\/p>\n\n\n<div class=\"tmm tmm_adm-prec\"><div class=\"tmm_3_columns tmm_wrap tmm_plugin_f\"><span class=\"tmm_two_containers_tablet\"><\/span><div class=\"tmm_container\"><div class=\"tmm_member\" style=\"border-top:#333333 solid 5px;\"><div class=\"tmm_photo tmm_pic_adm-prec_0\" style=\"background: url(https:\/\/ccao.mazarol-gate.org\/wp-content\/uploads\/2026\/03\/LucRaymond.jpg); margin-left: auto; margin-right:auto; background-size:cover !important;\"><\/div><div class=\"tmm_textblock\"><div class=\"tmm_names\"><span class=\"tmm_fname\">Luc<\/span> <span class=\"tmm_lname\">Raymond<\/span><\/div><div class=\"tmm_job\">Secr\u00e9taire : 2024 - 2025<\/div><div class=\"tmm_scblock\"><\/div><\/div><\/div><div class=\"tmm_member\" style=\"border-top:#333333 solid 5px;\"><div class=\"tmm_photo tmm_pic_adm-prec_1\" style=\"background: url(https:\/\/ccao.mazarol-gate.org\/wp-content\/uploads\/2026\/03\/isabelle_major-1.jpg); margin-left: auto; margin-right:auto; background-size:cover !important;\"><\/div><div class=\"tmm_textblock\"><div class=\"tmm_names\"><span class=\"tmm_fname\">Isabelle<\/span> <span class=\"tmm_lname\">Major<\/span><\/div><div class=\"tmm_desc\" style=\"text-align:\"><p>Presidente de 2020 a 2024 .<\/p><\/div><div class=\"tmm_scblock\"><\/div><\/div><\/div><div style=\"clear:both;\"><\/div><\/div><\/div><\/div>\n","protected":false},"excerpt":{"rendered":"<p>Les anciens administrateurs qui ont contribu\u00e9 par leur d\u00e9vouement, leur travail et leur passion au succ\u00e8s de notre club:<\/p>\n","protected":false},"author":1,"featured_media":0,"parent":0,"menu_order":0,"comment_status":"closed","ping_status":"closed","template":"page-no-title","meta":{"footnotes":""},"class_list":["post-58","page","type-page","status-publish","hentry"],"blocksy_meta":{"has_hero_section":"disabled","styles_descriptor":{"styles":{"desktop":"","tablet":"","mobile":""},"google_fonts":[],"version":6}},"featured_image_src":null,"_links":{"self":[{"href":"https:\/\/ccao.mazarol-gate.org\/index.php\/wp-json\/wp\/v2\/pages\/58","targetHints":{"allow":["GET"]}}],"collection":[{"href":"https:\/\/ccao.mazarol-gate.org\/index.php\/wp-json\/wp\/v2\/pages"}],"about":[{"href":"https:\/\/ccao.mazarol-gate.org\/index.php\/wp-json\/wp\/v2\/types\/page"}],"author":[{"embeddable":true,"href":"https:\/\/ccao.mazarol-gate.org\/index.php\/wp-json\/wp\/v2\/users\/1"}],"replies":[{"embeddable":true,"href":"https:\/\/ccao.mazarol-gate.org\/index.php\/wp-json\/wp\/v2\/comments?post=58"}],"version-history":[{"count":0,"href":"https:\/\/ccao.mazarol-gate.org\/index.php\/wp-json\/wp\/v2\/pages\/58\/revisions"}],"wp:attachment":[{"href":"https:\/\/ccao.mazarol-gate.org\/index.php\/wp-json\/wp\/v2\/media?parent=58"}],"curies":[{"name":"wp","href":"https:\/\/api.w.org\/{rel}","templated":true}]}}