{"id":65,"date":"2024-03-22T21:47:04","date_gmt":"2024-03-22T21:47:04","guid":{"rendered":"https:\/\/ccao.fun\/?page_id=65"},"modified":"2026-04-02T21:10:44","modified_gmt":"2026-04-03T02:10:44","slug":"le-club","status":"publish","type":"page","link":"https:\/\/ccao.mazarol-gate.org\/index.php\/le-club\/","title":{"rendered":"Le Club de Chien d\u2019Arr\u00eat de l\u2019Outaouais \u2013 CCAO"},"content":{"rendered":"\n<div class=\"wp-block-group alignfull has-accent-background-color has-background is-layout-constrained wp-container-core-group-is-layout-669513ed wp-block-group-is-layout-constrained\" style=\"margin-top:0;margin-bottom:0;padding-top:var(--wp--preset--spacing--50);padding-right:var(--wp--preset--spacing--50);padding-bottom:var(--wp--preset--spacing--50);padding-left:var(--wp--preset--spacing--50)\">\n<div class=\"wp-block-columns alignwide is-layout-flex wp-container-core-columns-is-layout-1da03c2a wp-block-columns-is-layout-flex\">\n<div class=\"wp-block-column is-vertically-aligned-stretch is-layout-flow wp-block-column-is-layout-flow\" style=\"flex-basis:50%\">\n<div class=\"wp-block-group is-vertical is-content-justification-stretch is-layout-flex wp-container-core-group-is-layout-444d5ee8 wp-block-group-is-layout-flex\" style=\"min-height:100%\">\n<p class=\"has-medium-font-size\">Le Club de Chien d\u2019Arr\u00eat de l\u2019Outaouais (CCAO) est un organisme \u00e0 but non lucratif qui rassemble les passionn\u00e9(e)s de chiens d\u2019arr\u00eat et de chiens d\u2019arr\u00eat polyvalents. Nous accueillons toutes les races reconnues par le Club Canin Canadien (CCC) ou tout autre organisme d\u2019enregistrement officiel.<\/p>\n\n\n\n<p class=\"has-medium-font-size\">Le CCAO vous offre l\u2019acc\u00e8s \u00e0 un terrain d\u2019entra\u00eenement exceptionnel o\u00f9 vous pourrez partager votre passion, que ce soit pour la pr\u00e9paration \u00e0 des \u00e9preuves d\u2019\u00e9valuation ou simplement pour la chasse.<\/p>\n\n\n\n<p class=\"has-medium-font-size\"><strong>Nos services :<\/strong><\/p>\n\n\n\n<ul class=\"wp-block-list\">\n<li class=\"has-medium-font-size\"><strong>Entra\u00eenement sp\u00e9cialis\u00e9<\/strong>\u00a0pour la chasse au petit gibier et \u00e0 la sauvagine.<\/li>\n\n\n\n<li class=\"has-medium-font-size\"><strong>Initiation<\/strong>\u00a0des jeunes chasseurs au travail avec chien d\u2019arr\u00eat.<\/li>\n\n\n\n<li class=\"has-medium-font-size\"><strong>Organisation d\u2019\u00e9v\u00e9nements et de cliniques d\u00e9di\u00e9es<\/strong> au d\u00e9veloppement des aptitudes canines.<\/li>\n<\/ul>\n\n\n\n<div class=\"wp-block-group is-content-justification-left is-layout-constrained wp-container-core-group-is-layout-9fe8ed88 wp-block-group-is-layout-constrained\">\n<p class=\"has-text-align-left wp-container-content-0733e5d0\"><\/p>\n<\/div>\n<\/div>\n<\/div>\n\n\n\n<div class=\"wp-block-column is-vertically-aligned-center is-layout-flow wp-block-column-is-layout-flow\" style=\"flex-basis:50%\">\n<figure class=\"wp-block-image size-large is-resized is-style-rounded\"><img loading=\"lazy\" decoding=\"async\" width=\"1024\" height=\"683\" src=\"https:\/\/ccao.mazarol-gate.org\/wp-content\/uploads\/2026\/03\/IMG_3397_2.JPG-1200x900-90-1024x683.jpg\" alt=\"\" class=\"wp-image-1653\" style=\"aspect-ratio:0.75;object-fit:cover;width:491px;height:auto\" srcset=\"https:\/\/ccao.mazarol-gate.org\/wp-content\/uploads\/2026\/03\/IMG_3397_2.JPG-1200x900-90-1024x683.jpg 1024w, https:\/\/ccao.mazarol-gate.org\/wp-content\/uploads\/2026\/03\/IMG_3397_2.JPG-1200x900-90-300x200.jpg 300w, https:\/\/ccao.mazarol-gate.org\/wp-content\/uploads\/2026\/03\/IMG_3397_2.JPG-1200x900-90-768x512.jpg 768w, https:\/\/ccao.mazarol-gate.org\/wp-content\/uploads\/2026\/03\/IMG_3397_2.JPG-1200x900-90.jpg 1200w\" sizes=\"auto, (max-width: 1024px) 100vw, 1024px\" \/><\/figure>\n<\/div>\n<\/div>\n<\/div>\n\n\n\n<hr class=\"wp-block-separator has-alpha-channel-opacity\"\/>\n\n\n\n<h3 class=\"wp-block-heading has-text-align-center\"><em>Notre philosophie de mentorat<\/em><\/h3>\n\n\n\n<p><\/p>\n\n\n\n<div class=\"wp-block-columns is-layout-flex wp-container-core-columns-is-layout-28f84493 wp-block-columns-is-layout-flex\">\n<div class=\"wp-block-column is-layout-flow wp-block-column-is-layout-flow\" style=\"flex-basis:33.33%\">\n<figure class=\"wp-block-image size-large\"><img loading=\"lazy\" decoding=\"async\" width=\"1024\" height=\"683\" src=\"https:\/\/ccao.mazarol-gate.org\/wp-content\/uploads\/2026\/03\/IMG_3703.JPG-1200x900-90-1024x683.jpg\" alt=\"\" class=\"wp-image-1655\" srcset=\"https:\/\/ccao.mazarol-gate.org\/wp-content\/uploads\/2026\/03\/IMG_3703.JPG-1200x900-90-1024x683.jpg 1024w, https:\/\/ccao.mazarol-gate.org\/wp-content\/uploads\/2026\/03\/IMG_3703.JPG-1200x900-90-300x200.jpg 300w, https:\/\/ccao.mazarol-gate.org\/wp-content\/uploads\/2026\/03\/IMG_3703.JPG-1200x900-90-768x512.jpg 768w, https:\/\/ccao.mazarol-gate.org\/wp-content\/uploads\/2026\/03\/IMG_3703.JPG-1200x900-90.jpg 1200w\" sizes=\"auto, (max-width: 1024px) 100vw, 1024px\" \/><\/figure>\n\n\n\n<figure class=\"wp-block-image size-large\"><img loading=\"lazy\" decoding=\"async\" width=\"1024\" height=\"683\" src=\"https:\/\/ccao.mazarol-gate.org\/wp-content\/uploads\/2026\/03\/IMG_3688.JPG-1200x900-90-1024x683.jpg\" alt=\"\" class=\"wp-image-1654\" srcset=\"https:\/\/ccao.mazarol-gate.org\/wp-content\/uploads\/2026\/03\/IMG_3688.JPG-1200x900-90-1024x683.jpg 1024w, https:\/\/ccao.mazarol-gate.org\/wp-content\/uploads\/2026\/03\/IMG_3688.JPG-1200x900-90-300x200.jpg 300w, https:\/\/ccao.mazarol-gate.org\/wp-content\/uploads\/2026\/03\/IMG_3688.JPG-1200x900-90-768x512.jpg 768w, https:\/\/ccao.mazarol-gate.org\/wp-content\/uploads\/2026\/03\/IMG_3688.JPG-1200x900-90.jpg 1200w\" sizes=\"auto, (max-width: 1024px) 100vw, 1024px\" \/><\/figure>\n\n\n\n<h3 class=\"wp-block-heading has-text-align-left\"><strong>Les r\u00e8gles de base \u00e0 respecter<\/strong><\/h3>\n<\/div>\n\n\n\n<div class=\"wp-block-column is-layout-flow wp-block-column-is-layout-flow\" style=\"flex-basis:66.66%\">\n<p class=\"has-medium-font-size\"><strong>Respect et synergie : le lien entre l\u2019humain, le chien et la nature.<\/strong><br>Nous croyons que la r\u00e9ussite repose sur un lien solide entre le ma\u00eetre et son chien, une \u00e9quipe qui \u00e9volue dans le respect de la faune et de l\u2019environnement. B\u00e2tir cette complicit\u00e9 demande du temps, du d\u00e9vouement et une grande constance.<\/p>\n\n\n\n<p class=\"has-medium-font-size\">Au sein du club, l&rsquo;entraide est au c\u0153ur de nos \u00e9changes. Des membres les plus exp\u00e9riment\u00e9s aux nouveaux venus, chacun collabore sans jugement pour maximiser le potentiel de chaque bin\u00f4me.<\/p>\n\n\n\n<p class=\"has-medium-font-size\"><strong>L&rsquo;importance du d\u00e9tail<\/strong><br>Savoir lire les signaux de son chien, les interpr\u00e9ter et les comprendre est essentiel pour assurer la coh\u00e9sion de l\u2019\u00e9quipe. Nos membres sont toujours pr\u00eats \u00e0 offrir des conseils et \u00e0 sugg\u00e9rer des m\u00e9thodes de dressage adapt\u00e9es.<\/p>\n\n\n\n<p class=\"has-medium-font-size\">L\u2019entra\u00eenement sur le terrain n\u2019est que la pointe de l\u2019iceberg : le v\u00e9ritable travail commence au quotidien, \u00e0 la maison et dans le jardin. C\u2019est dans ces environnements familiers qu&rsquo;il est le plus facile de peaufiner les d\u00e9tails et de comprendre ce qui fonctionne r\u00e9ellement.<\/p>\n\n\n\n<hr class=\"wp-block-separator has-alpha-channel-opacity\"\/>\n\n\n\n<p><\/p>\n\n\n\n<p><\/p>\n<\/div>\n<\/div>\n\n\n\n<div class=\"wp-block-columns is-layout-flex wp-container-core-columns-is-layout-28f84493 wp-block-columns-is-layout-flex\">\n<div class=\"wp-block-column is-layout-flow wp-block-column-is-layout-flow\" style=\"flex-basis:66.66%\">\n<p class=\"has-medium-font-size\">Pour assurer une exp\u00e9rience harmonieuse \u00e0 tous, nous demandons le respect des consignes suivantes :<\/p>\n\n\n\n<p class=\"has-medium-font-size\"><strong>\u00c9thique et propret\u00e9 :<\/strong>\u00a0La gestion des oiseaux, des carcasses et des d\u00e9chets rel\u00e8ve de la responsabilit\u00e9 individuelle. Nous comptons sur chaque participant pour laisser les lieux impeccables apr\u00e8s sa formation.<\/p>\n\n\n\n<p class=\"has-medium-font-size\"><strong>S\u00e9curit\u00e9 avant tout :<\/strong>\u00a0Le respect rigoureux du r\u00e8glement du club et des r\u00e8gles de maniement s\u00e9curitaire des armes est obligatoire. Chaque membre est responsable de la s\u00e9curit\u00e9, de la sant\u00e9 et du bien-\u00eatre de toutes les personnes sur place.<\/p>\n\n\n\n<p class=\"has-medium-font-size\"><strong>Courtoisie :<\/strong>\u00a0Le respect et la politesse envers les autres membres sont de mise en tout temps.<\/p>\n\n\n\n<p class=\"has-medium-font-size\"><strong>Contr\u00f4le canin :<\/strong>\u00a0Les chiens doivent \u00eatre gard\u00e9s en s\u00e9curit\u00e9 d\u00e8s leur arriv\u00e9e et jusqu&rsquo;\u00e0 leur d\u00e9part. Tout animal d\u00e9montrant de l&rsquo;agressivit\u00e9 envers des humains ou d&rsquo;autres chiens devra quitter le terrain.<\/p>\n<\/div>\n\n\n\n<div class=\"wp-block-column is-layout-flow wp-block-column-is-layout-flow\" style=\"flex-basis:33.33%\">\n<figure class=\"wp-block-image size-large\"><img loading=\"lazy\" decoding=\"async\" width=\"1024\" height=\"683\" src=\"https:\/\/ccao.mazarol-gate.org\/wp-content\/uploads\/2026\/03\/IMG_1826.JPG-1200x900-90-1024x683.jpg\" alt=\"\" class=\"wp-image-1652\" style=\"aspect-ratio:4\/3;object-fit:cover\" srcset=\"https:\/\/ccao.mazarol-gate.org\/wp-content\/uploads\/2026\/03\/IMG_1826.JPG-1200x900-90-1024x683.jpg 1024w, https:\/\/ccao.mazarol-gate.org\/wp-content\/uploads\/2026\/03\/IMG_1826.JPG-1200x900-90-300x200.jpg 300w, https:\/\/ccao.mazarol-gate.org\/wp-content\/uploads\/2026\/03\/IMG_1826.JPG-1200x900-90-768x512.jpg 768w, https:\/\/ccao.mazarol-gate.org\/wp-content\/uploads\/2026\/03\/IMG_1826.JPG-1200x900-90.jpg 1200w\" sizes=\"auto, (max-width: 1024px) 100vw, 1024px\" \/><\/figure>\n<\/div>\n<\/div>\n\n\n\n<p><\/p>\n","protected":false},"excerpt":{"rendered":"<p>Le Club de Chien d\u2019Arr\u00eat de l\u2019Outaouais (CCAO) est un organisme \u00e0 but non lucratif qui rassemble les passionn\u00e9(e)s de chiens d\u2019arr\u00eat et de chiens d\u2019arr\u00eat polyvalents. Nous accueillons toutes les races reconnues par le Club Canin Canadien (CCC) ou tout autre organisme d\u2019enregistrement officiel. Le CCAO vous offre l\u2019acc\u00e8s \u00e0 un terrain d\u2019entra\u00eenement exceptionnel [&hellip;]<\/p>\n","protected":false},"author":1,"featured_media":0,"parent":0,"menu_order":0,"comment_status":"closed","ping_status":"closed","template":"","meta":{"footnotes":""},"class_list":["post-65","page","type-page","status-publish","hentry"],"blocksy_meta":{"page_structure_type":"type-4","styles_descriptor":{"styles":{"desktop":"","tablet":"","mobile":""},"google_fonts":[],"version":6}},"featured_image_src":null,"_links":{"self":[{"href":"https:\/\/ccao.mazarol-gate.org\/index.php\/wp-json\/wp\/v2\/pages\/65","targetHints":{"allow":["GET"]}}],"collection":[{"href":"https:\/\/ccao.mazarol-gate.org\/index.php\/wp-json\/wp\/v2\/pages"}],"about":[{"href":"https:\/\/ccao.mazarol-gate.org\/index.php\/wp-json\/wp\/v2\/types\/page"}],"author":[{"embeddable":true,"href":"https:\/\/ccao.mazarol-gate.org\/index.php\/wp-json\/wp\/v2\/users\/1"}],"replies":[{"embeddable":true,"href":"https:\/\/ccao.mazarol-gate.org\/index.php\/wp-json\/wp\/v2\/comments?post=65"}],"version-history":[{"count":2,"href":"https:\/\/ccao.mazarol-gate.org\/index.php\/wp-json\/wp\/v2\/pages\/65\/revisions"}],"predecessor-version":[{"id":1813,"href":"https:\/\/ccao.mazarol-gate.org\/index.php\/wp-json\/wp\/v2\/pages\/65\/revisions\/1813"}],"wp:attachment":[{"href":"https:\/\/ccao.mazarol-gate.org\/index.php\/wp-json\/wp\/v2\/media?parent=65"}],"curies":[{"name":"wp","href":"https:\/\/api.w.org\/{rel}","templated":true}]}}