{"id":945,"date":"2025-03-14T20:24:36","date_gmt":"2025-03-14T20:24:36","guid":{"rendered":"https:\/\/ccao.fun\/?page_id=945"},"modified":"2026-03-28T11:34:15","modified_gmt":"2026-03-28T16:34:15","slug":"organismes","status":"publish","type":"page","link":"https:\/\/ccao.mazarol-gate.org\/index.php\/organismes\/","title":{"rendered":"organismes"},"content":{"rendered":"\n<p>Canadiens et internalionales<\/p>\n\n\n\n<div class=\"wp-block-columns is-layout-flex wp-container-core-columns-is-layout-28f84493 wp-block-columns-is-layout-flex\">\n<div class=\"wp-block-column is-layout-flow wp-block-column-is-layout-flow\">\n<ul class=\"wp-block-list\">\n<li>Le Club Canin Canadien <a href=\"https:\/\/www.ckc.ca\/fr\">CCC\/CKC<\/a><\/li>\n\n\n\n<li>National Firearms Association  <a href=\"https:\/\/nfa.ca\/\">NFA<\/a><\/li>\n\n\n\n<li>North American Shoot-to-Retrieve Field Trial Association <a href=\"https:\/\/www.nstra.org\/\">NASTRA<\/a><\/li>\n\n\n\n<li>North American Versatile Hunting Dog Association <a href=\"https:\/\/www.navhda.org\/\">NAVHDA<\/a><\/li>\n\n\n\n<li>F\u00e9d\u00e9ration qu\u00e9b\u00e9coise des chasseurs et p\u00eacheurs <a href=\"https:\/\/fedecp.com\/\">FEDCP<\/a><\/li>\n<\/ul>\n<\/div>\n\n\n\n<div class=\"wp-block-column is-layout-flow wp-block-column-is-layout-flow\">\n<figure class=\"wp-block-image size-large\"><img loading=\"lazy\" decoding=\"async\" width=\"1024\" height=\"683\" src=\"https:\/\/ccao.mazarol-gate.org\/wp-content\/uploads\/2026\/03\/IMG_1910.JPG-1200x900-90-1024x683.jpg\" alt=\"\" class=\"wp-image-1722\" srcset=\"https:\/\/ccao.mazarol-gate.org\/wp-content\/uploads\/2026\/03\/IMG_1910.JPG-1200x900-90-1024x683.jpg 1024w, https:\/\/ccao.mazarol-gate.org\/wp-content\/uploads\/2026\/03\/IMG_1910.JPG-1200x900-90-300x200.jpg 300w, https:\/\/ccao.mazarol-gate.org\/wp-content\/uploads\/2026\/03\/IMG_1910.JPG-1200x900-90-768x512.jpg 768w, https:\/\/ccao.mazarol-gate.org\/wp-content\/uploads\/2026\/03\/IMG_1910.JPG-1200x900-90.jpg 1200w\" sizes=\"auto, (max-width: 1024px) 100vw, 1024px\" \/><\/figure>\n<\/div>\n<\/div>\n","protected":false},"excerpt":{"rendered":"<p>Canadiens et internalionales<\/p>\n","protected":false},"author":1,"featured_media":0,"parent":0,"menu_order":0,"comment_status":"closed","ping_status":"closed","template":"","meta":{"footnotes":""},"class_list":["post-945","page","type-page","status-publish","hentry"],"blocksy_meta":{"has_hero_section":"disabled","page_structure_type":"type-4","styles_descriptor":{"styles":{"desktop":"","tablet":"","mobile":""},"google_fonts":[],"version":6}},"featured_image_src":null,"_links":{"self":[{"href":"https:\/\/ccao.mazarol-gate.org\/index.php\/wp-json\/wp\/v2\/pages\/945","targetHints":{"allow":["GET"]}}],"collection":[{"href":"https:\/\/ccao.mazarol-gate.org\/index.php\/wp-json\/wp\/v2\/pages"}],"about":[{"href":"https:\/\/ccao.mazarol-gate.org\/index.php\/wp-json\/wp\/v2\/types\/page"}],"author":[{"embeddable":true,"href":"https:\/\/ccao.mazarol-gate.org\/index.php\/wp-json\/wp\/v2\/users\/1"}],"replies":[{"embeddable":true,"href":"https:\/\/ccao.mazarol-gate.org\/index.php\/wp-json\/wp\/v2\/comments?post=945"}],"version-history":[{"count":1,"href":"https:\/\/ccao.mazarol-gate.org\/index.php\/wp-json\/wp\/v2\/pages\/945\/revisions"}],"predecessor-version":[{"id":1725,"href":"https:\/\/ccao.mazarol-gate.org\/index.php\/wp-json\/wp\/v2\/pages\/945\/revisions\/1725"}],"wp:attachment":[{"href":"https:\/\/ccao.mazarol-gate.org\/index.php\/wp-json\/wp\/v2\/media?parent=945"}],"curies":[{"name":"wp","href":"https:\/\/api.w.org\/{rel}","templated":true}]}}